{"id":3535,"date":"2026-01-27T23:07:00","date_gmt":"2026-01-27T23:07:00","guid":{"rendered":"https:\/\/brflegal.pt\/?page_id=3535"},"modified":"2026-03-24T15:44:28","modified_gmt":"2026-03-24T15:44:28","slug":"equipa","status":"publish","type":"page","link":"https:\/\/brflegal.pt\/pt\/team\/","title":{"rendered":"Equipa"},"content":{"rendered":"<figure class=\"wp-block-image size-full\"><img loading=\"lazy\" decoding=\"async\" width=\"2300\" height=\"1533\" src=\"https:\/\/brflegal.pt\/wp-content\/uploads\/2026\/02\/BRF-Legal-2-47.jpg\" class=\"wp-image-4231\" alt=\"\" title=\"\" srcset=\"https:\/\/brflegal.pt\/wp-content\/uploads\/2026\/02\/BRF-Legal-2-47.jpg 2300w, https:\/\/brflegal.pt\/wp-content\/smush-webp\/2026\/02\/BRF-Legal-2-47-300x200.jpg.webp 300w, https:\/\/brflegal.pt\/wp-content\/smush-webp\/2026\/02\/BRF-Legal-2-47-1024x683.jpg.webp 1024w, https:\/\/brflegal.pt\/wp-content\/smush-webp\/2026\/02\/BRF-Legal-2-47-768x512.jpg.webp 768w, https:\/\/brflegal.pt\/wp-content\/smush-webp\/2026\/02\/BRF-Legal-2-47-1536x1024.jpg.webp 1536w, https:\/\/brflegal.pt\/wp-content\/smush-webp\/2026\/02\/BRF-Legal-2-47-2048x1365.jpg.webp 2048w, https:\/\/brflegal.pt\/wp-content\/smush-webp\/2026\/02\/BRF-Legal-2-47-18x12.jpg.webp 18w\" sizes=\"auto, (max-width: 2300px) 100vw, 2300px\" \/><\/figure>\n\n<h1 class=\"wp-block-heading\">Os Nossos Fundadores<\/h1>\n\n<p class=\"translation-block\">As pessoas por tr\u00e1s da BRF Legal <br>experi\u00eancia, estrat\u00e9gia e compromisso.<\/p>\n\n<h2 class=\"wp-block-heading\">A Nossa Equipa<\/h2>\n\n<p>Conhe\u00e7a os profissionais que trazem precis\u00e3o, criatividade e dedica\u00e7\u00e3o a cada projeto.<\/p>\n\n<h2 class=\"wp-block-heading\">Of Counsel<\/h2>\n\n<h0>Vamos falar sobre o seu projeto<\/h0>\n\n<h0 class=\"has-text-align-center\">Saiba como a nossa equipa pode ajudar<\/h0>\n\n<figure class=\"wp-block-image size-large\"><img loading=\"lazy\" decoding=\"async\" width=\"1024\" height=\"372\" src=\"https:\/\/brflegal.pt\/wp-content\/smush-webp\/2026\/02\/founders1-1-1024x372.jpg.webp\" class=\"wp-image-4700\" alt=\"\" title=\"\" srcset=\"https:\/\/brflegal.pt\/wp-content\/smush-webp\/2026\/02\/founders1-1-1024x372.jpg.webp 1024w, https:\/\/brflegal.pt\/wp-content\/smush-webp\/2026\/02\/founders1-1-300x109.jpg.webp 300w, https:\/\/brflegal.pt\/wp-content\/smush-webp\/2026\/02\/founders1-1-768x279.jpg.webp 768w, https:\/\/brflegal.pt\/wp-content\/smush-webp\/2026\/02\/founders1-1-1536x558.jpg.webp 1536w, https:\/\/brflegal.pt\/wp-content\/smush-webp\/2026\/02\/founders1-1-2048x744.jpg.webp 2048w, https:\/\/brflegal.pt\/wp-content\/smush-webp\/2026\/02\/founders1-1-18x7.jpg.webp 18w\" sizes=\"auto, (max-width: 1024px) 100vw, 1024px\" \/><\/figure>","protected":false},"excerpt":{"rendered":"<p>Our Founders The people behind BRF Legal,experience, strategy, and commitment. Our Team Meet the professionals who bring precision, creativity, and dedication to every project. Of Counsel Let\u2019s talk about your project Know how our team can help<\/p>","protected":false},"author":2,"featured_media":0,"parent":0,"menu_order":0,"comment_status":"closed","ping_status":"closed","template":"","meta":{"footnotes":""},"class_list":["post-3535","page","type-page","status-publish","hentry"],"_links":{"self":[{"href":"https:\/\/brflegal.pt\/pt\/wp-json\/wp\/v2\/pages\/3535","targetHints":{"allow":["GET"]}}],"collection":[{"href":"https:\/\/brflegal.pt\/pt\/wp-json\/wp\/v2\/pages"}],"about":[{"href":"https:\/\/brflegal.pt\/pt\/wp-json\/wp\/v2\/types\/page"}],"author":[{"embeddable":true,"href":"https:\/\/brflegal.pt\/pt\/wp-json\/wp\/v2\/users\/2"}],"replies":[{"embeddable":true,"href":"https:\/\/brflegal.pt\/pt\/wp-json\/wp\/v2\/comments?post=3535"}],"version-history":[{"count":100,"href":"https:\/\/brflegal.pt\/pt\/wp-json\/wp\/v2\/pages\/3535\/revisions"}],"predecessor-version":[{"id":4790,"href":"https:\/\/brflegal.pt\/pt\/wp-json\/wp\/v2\/pages\/3535\/revisions\/4790"}],"wp:attachment":[{"href":"https:\/\/brflegal.pt\/pt\/wp-json\/wp\/v2\/media?parent=3535"}],"curies":[{"name":"wp","href":"https:\/\/api.w.org\/{rel}","templated":true}]}}