{"id":3533,"date":"2026-01-27T23:06:52","date_gmt":"2026-01-27T23:06:52","guid":{"rendered":"https:\/\/brflegal.pt\/?page_id=3533"},"modified":"2026-03-13T10:47:09","modified_gmt":"2026-03-13T10:47:09","slug":"areas-de-atuacao","status":"publish","type":"page","link":"https:\/\/brflegal.pt\/pt\/expertise\/","title":{"rendered":"Atua\u00e7\u00e3o"},"content":{"rendered":"<h2 class=\"wp-block-heading\">O Nosso Conhecimento<\/h2>\n\n<p>Ajudamos pessoas e empresas a mover-se, expandir e investir, com seguran\u00e7a, estrat\u00e9gia e\natua\u00e7\u00e3o global.<\/p>\n\n<p class=\"translation-block\">Perspetiva Global.<br>Precis\u00e3o de Boutique.<\/p>\n\n<h0>Excel\u00eancia \u00b7 Integridade \u00b7 Inova\u00e7\u00e3o<\/h0>\n\n<h2 class=\"wp-block-heading\">Porque os Clientes Escolhem a BRF Legal?<\/h2>\n\n<figure class=\"wp-block-image size-full\"><img loading=\"lazy\" decoding=\"async\" width=\"2300\" height=\"835\" src=\"https:\/\/brflegal.pt\/wp-content\/uploads\/2026\/02\/BRF-Legal-2-34-1.jpg\" class=\"wp-image-4546\" alt=\"\" title=\"\" srcset=\"https:\/\/brflegal.pt\/wp-content\/uploads\/2026\/02\/BRF-Legal-2-34-1.jpg 2300w, https:\/\/brflegal.pt\/wp-content\/smush-webp\/2026\/02\/BRF-Legal-2-34-1-300x109.jpg.webp 300w, https:\/\/brflegal.pt\/wp-content\/smush-webp\/2026\/02\/BRF-Legal-2-34-1-1024x372.jpg.webp 1024w, https:\/\/brflegal.pt\/wp-content\/smush-webp\/2026\/02\/BRF-Legal-2-34-1-768x279.jpg.webp 768w, https:\/\/brflegal.pt\/wp-content\/smush-webp\/2026\/02\/BRF-Legal-2-34-1-1536x558.jpg.webp 1536w, https:\/\/brflegal.pt\/wp-content\/smush-webp\/2026\/02\/BRF-Legal-2-34-1-2048x744.jpg.webp 2048w, https:\/\/brflegal.pt\/wp-content\/smush-webp\/2026\/02\/BRF-Legal-2-34-1-18x7.jpg.webp 18w\" sizes=\"auto, (max-width: 2300px) 100vw, 2300px\" \/><\/figure>\n\n<h2 class=\"wp-block-heading\">M\u00e9tricas &amp; Identidade Boutique<\/h2>\n\n<p>A nossa equipa re\u00fane anos de experi\u00eancia, tendo gerido coletivamente mais de:<\/p>\n\nProcessos de Mobilidade Global conclu\u00eddos com sucesso\n\n<h0>\u20ac500M+<\/h0>\n\nCapital estrangeiro acompanhado em Portugal\n\n<h0>+500<\/h0>\n\nEstrutura\u00e7\u00f5es fiscais e societ\u00e1rias desenhadas e otimizadas\n\n<figure class=\"wp-block-image size-full\"><img loading=\"lazy\" decoding=\"async\" width=\"2300\" height=\"1533\" src=\"https:\/\/brflegal.pt\/wp-content\/uploads\/2026\/02\/BRF-Legal-2-43.jpg\" class=\"wp-image-4146\" alt=\"\" title=\"\" srcset=\"https:\/\/brflegal.pt\/wp-content\/uploads\/2026\/02\/BRF-Legal-2-43.jpg 2300w, https:\/\/brflegal.pt\/wp-content\/smush-webp\/2026\/02\/BRF-Legal-2-43-300x200.jpg.webp 300w, https:\/\/brflegal.pt\/wp-content\/smush-webp\/2026\/02\/BRF-Legal-2-43-1024x683.jpg.webp 1024w, https:\/\/brflegal.pt\/wp-content\/smush-webp\/2026\/02\/BRF-Legal-2-43-768x512.jpg.webp 768w, https:\/\/brflegal.pt\/wp-content\/smush-webp\/2026\/02\/BRF-Legal-2-43-1536x1024.jpg.webp 1536w, https:\/\/brflegal.pt\/wp-content\/smush-webp\/2026\/02\/BRF-Legal-2-43-2048x1365.jpg.webp 2048w, https:\/\/brflegal.pt\/wp-content\/smush-webp\/2026\/02\/BRF-Legal-2-43-18x12.jpg.webp 18w\" sizes=\"auto, (max-width: 2300px) 100vw, 2300px\" \/><\/figure>\n\n<h0>Depoimento em destaque (Baseado na experi\u00eancia, An\u00f3nimo)<\/h0>\n\n<p>\"A BRF Legal traz clareza e tranquilidade a decis\u00f5es internacionais complexas. A sua abordagem liderada pelos s\u00f3cios, aliada ao rigor t\u00e9cnico e \u00e0 discri\u00e7\u00e3o, tem sido fundamental enquanto navegamos quest\u00f5es fiscais, de resid\u00eancia e de investimento em Portugal.  \u00c9 como se estiv\u00e9ssemos a ganhar mais um parceiro estrat\u00e9gico de confian\u00e7a, ao inv\u00e9s de apenas contratar um escrit\u00f3rio de advocacia.\"<\/p>\n\n<h0>\u2014 Cliente Privado, Investidor Global (Nome omitido por confidencialidade)<\/h0>\n\n<h0>+1,000<\/h0>","protected":false},"excerpt":{"rendered":"<p>Our Knowledge We help people and companies move, invest and grow &#8211; safely, strategically, and globally. Global Perspective.Boutique Precision. Excellence \u00b7 Integrity \u00b7 Innovation Why Clients Choose BRF Legal? Metrics &amp; Boutique Description Our team brings years of experience, having collectivily managed more than: Global Mobility Process Successfully Completed \u20ac500M+ Foreign Capital Advised Across Portugal [&hellip;]<\/p>\n","protected":false},"author":2,"featured_media":0,"parent":0,"menu_order":0,"comment_status":"closed","ping_status":"closed","template":"","meta":{"footnotes":""},"class_list":["post-3533","page","type-page","status-publish","hentry"],"_links":{"self":[{"href":"https:\/\/brflegal.pt\/pt\/wp-json\/wp\/v2\/pages\/3533","targetHints":{"allow":["GET"]}}],"collection":[{"href":"https:\/\/brflegal.pt\/pt\/wp-json\/wp\/v2\/pages"}],"about":[{"href":"https:\/\/brflegal.pt\/pt\/wp-json\/wp\/v2\/types\/page"}],"author":[{"embeddable":true,"href":"https:\/\/brflegal.pt\/pt\/wp-json\/wp\/v2\/users\/2"}],"replies":[{"embeddable":true,"href":"https:\/\/brflegal.pt\/pt\/wp-json\/wp\/v2\/comments?post=3533"}],"version-history":[{"count":100,"href":"https:\/\/brflegal.pt\/pt\/wp-json\/wp\/v2\/pages\/3533\/revisions"}],"predecessor-version":[{"id":4778,"href":"https:\/\/brflegal.pt\/pt\/wp-json\/wp\/v2\/pages\/3533\/revisions\/4778"}],"wp:attachment":[{"href":"https:\/\/brflegal.pt\/pt\/wp-json\/wp\/v2\/media?parent=3533"}],"curies":[{"name":"wp","href":"https:\/\/api.w.org\/{rel}","templated":true}]}}