{"id":2,"date":"2023-06-28T14:32:11","date_gmt":"2023-06-28T14:32:11","guid":{"rendered":"https:\/\/institucionais.deta.pt\/?page_id=2"},"modified":"2026-03-12T16:33:41","modified_gmt":"2026-03-12T16:33:41","slug":"home","status":"publish","type":"page","link":"https:\/\/brflegal.pt\/pt\/","title":{"rendered":"Home"},"content":{"rendered":"<h2 class=\"wp-block-heading\">A Nossa Miss\u00e3o<\/h2>\n\n<p>Comprometidos com a Mobilidade Global, Inova\u00e7\u00e3o e Prote\u00e7\u00e3o Patrimonial.<\/p>\n\n<p class=\"translation-block\">A nossa miss\u00e3o \u00e9 combinar precis\u00e3o jur\u00eddica com vis\u00e3o empresarial, com foco em estabilidade,\nefici\u00eancia e tranquilidade para clientes nacionais e internacionais.<\/p>\n\n<figure class=\"wp-block-image size-full\"><img loading=\"lazy\" decoding=\"async\" width=\"2300\" height=\"1533\" src=\"https:\/\/brflegal.pt\/wp-content\/uploads\/2026\/02\/BRF-Legal-2-37.jpg\" class=\"wp-image-4087\" alt=\"\" title=\"\" srcset=\"https:\/\/brflegal.pt\/wp-content\/uploads\/2026\/02\/BRF-Legal-2-37.jpg 2300w, https:\/\/brflegal.pt\/wp-content\/smush-webp\/2026\/02\/BRF-Legal-2-37-300x200.jpg.webp 300w, https:\/\/brflegal.pt\/wp-content\/smush-webp\/2026\/02\/BRF-Legal-2-37-1024x683.jpg.webp 1024w, https:\/\/brflegal.pt\/wp-content\/smush-webp\/2026\/02\/BRF-Legal-2-37-768x512.jpg.webp 768w, https:\/\/brflegal.pt\/wp-content\/smush-webp\/2026\/02\/BRF-Legal-2-37-1536x1024.jpg.webp 1536w, https:\/\/brflegal.pt\/wp-content\/smush-webp\/2026\/02\/BRF-Legal-2-37-2048x1365.jpg.webp 2048w, https:\/\/brflegal.pt\/wp-content\/smush-webp\/2026\/02\/BRF-Legal-2-37-18x12.jpg.webp 18w\" sizes=\"auto, (max-width: 2300px) 100vw, 2300px\" \/><\/figure>\n\n<h2 class=\"has-text-align-center wp-block-heading\">Solu\u00e7\u00f5es Jur\u00eddicas para um Mundo em Movimento<\/h2>\n\n<h1 class=\"wp-block-heading\">Boutique Law Firm for Tax, Business &#038; Global Mobility.<\/h1>\n\n<p>Assessoramos pessoas e empresas em estrutura\u00e7\u00e3o de neg\u00f3cios (nacionais e internacionais),\nestrat\u00e9gia fiscal e mobilidade global, com precis\u00e3o, inova\u00e7\u00e3o e tecnologia.<\/p>\n\n<p>Apresentamos solu\u00e7\u00f5es jur\u00eddicas \u00e0 medida para proteger o que realmente importa: a sua fam\u00edlia,\no seu neg\u00f3cio e o seu futuro.<\/p>\n\n<figure class=\"wp-block-image size-full\"><img loading=\"lazy\" decoding=\"async\" width=\"1533\" height=\"2300\" src=\"https:\/\/brflegal.pt\/wp-content\/uploads\/2026\/02\/BRF-Legal-2-42.jpg\" class=\"wp-image-4088\" alt=\"\" title=\"\" srcset=\"https:\/\/brflegal.pt\/wp-content\/uploads\/2026\/02\/BRF-Legal-2-42.jpg 1533w, https:\/\/brflegal.pt\/wp-content\/smush-webp\/2026\/02\/BRF-Legal-2-42-200x300.jpg.webp 200w, https:\/\/brflegal.pt\/wp-content\/smush-webp\/2026\/02\/BRF-Legal-2-42-683x1024.jpg.webp 683w, https:\/\/brflegal.pt\/wp-content\/smush-webp\/2026\/02\/BRF-Legal-2-42-768x1152.jpg.webp 768w, https:\/\/brflegal.pt\/wp-content\/smush-webp\/2026\/02\/BRF-Legal-2-42-1024x1536.jpg.webp 1024w, https:\/\/brflegal.pt\/wp-content\/smush-webp\/2026\/02\/BRF-Legal-2-42-1365x2048.jpg.webp 1365w, https:\/\/brflegal.pt\/wp-content\/smush-webp\/2026\/02\/BRF-Legal-2-42-8x12.jpg.webp 8w\" sizes=\"auto, (max-width: 1533px) 100vw, 1533px\" \/><\/figure>\n\n<h0>Confidencialidade e discri\u00e7\u00e3o garantidas<\/h0>\n\n<h2 class=\"wp-block-heading\">A Quem Servimos<\/h2>\n\n<p>Trabalhamos com clientes cujas vidas e investimentos atravessam fronteiras.<\/p>\n\n<h2 class=\"wp-block-heading\">Specialized Expertise<\/h2>\n\n<p>Led by Of Counsel <strong>Monyca Motta<\/strong>, this practice integrates Intellectual Property and Entertainment Law into our broader tax and business advisory services.<\/p>\n\n<p>We protect creative assets across borders \u2014 supporting artists, producers, media companies, festivals, digital creators, innovative businesses, and tech-creative entrepreneurs.<\/p>\n\n<p><strong>Focus areas:<\/strong> copyright, licensing (clearance), IP strategy, entertainment law, branding, image rights, and creative business contracts.<\/p>\n\n<h2 class=\"wp-block-heading\">Innovation &amp; Creative Industries<\/h2>","protected":false},"excerpt":{"rendered":"<p>Company Mission Committed to Global Mobility, Innovation and Asset Protection.\u2028 Our mission is to combine legal precision with business insight, ensuring stability, efficiency and peace of mind for national and international clients.\u2028 Legal Solutions for a World in Motion Boutique Law Firm for Tax, Business &#038; Global Mobility. Advising individuals and companies on cross-border structuring, [&hellip;]<\/p>\n","protected":false},"author":2,"featured_media":0,"parent":0,"menu_order":11,"comment_status":"closed","ping_status":"closed","template":"","meta":{"footnotes":""},"class_list":["post-2","page","type-page","status-publish","hentry"],"_links":{"self":[{"href":"https:\/\/brflegal.pt\/pt\/wp-json\/wp\/v2\/pages\/2","targetHints":{"allow":["GET"]}}],"collection":[{"href":"https:\/\/brflegal.pt\/pt\/wp-json\/wp\/v2\/pages"}],"about":[{"href":"https:\/\/brflegal.pt\/pt\/wp-json\/wp\/v2\/types\/page"}],"author":[{"embeddable":true,"href":"https:\/\/brflegal.pt\/pt\/wp-json\/wp\/v2\/users\/2"}],"replies":[{"embeddable":true,"href":"https:\/\/brflegal.pt\/pt\/wp-json\/wp\/v2\/comments?post=2"}],"version-history":[{"count":100,"href":"https:\/\/brflegal.pt\/pt\/wp-json\/wp\/v2\/pages\/2\/revisions"}],"predecessor-version":[{"id":4768,"href":"https:\/\/brflegal.pt\/pt\/wp-json\/wp\/v2\/pages\/2\/revisions\/4768"}],"wp:attachment":[{"href":"https:\/\/brflegal.pt\/pt\/wp-json\/wp\/v2\/media?parent=2"}],"curies":[{"name":"wp","href":"https:\/\/api.w.org\/{rel}","templated":true}]}}