{"id":189,"date":"2025-06-25T01:09:04","date_gmt":"2025-06-25T00:09:04","guid":{"rendered":"https:\/\/brflegal.pt\/?page_id=189"},"modified":"2026-03-31T10:34:20","modified_gmt":"2026-03-31T09:34:20","slug":"contatos","status":"publish","type":"page","link":"https:\/\/brflegal.pt\/pt\/contact\/","title":{"rendered":"Contatos"},"content":{"rendered":"<h1 class=\"wp-block-heading\">LET&#8217;S TALK.<\/h1>\n\n<h2 class=\"has-text-align-center wp-block-heading\">Ajudamos particulares, fam\u00edlias e empresas a navegar por decis\u00f5es jur\u00eddicas transfronteiri\u00e7as.\u00a0<\/h2>\n\nSer\u00e1 aberto um formul\u00e1rio breve para direcionarmos o seu pedido \u00e0 equipa adequada.\n\n<h2 class=\"wp-block-heading\">Escrit\u00f3rios<\/h2>\n\nTrabalhamos a partir de Lisboa e do Porto, apoiando clientes na Europa e em todo o mundo.\u00a0\n\n<p>Lisboa \u2014 Sede<br \/>O nosso escrit\u00f3rio principal, respons\u00e1vel pela coordena\u00e7\u00e3o fiscal, mobilidade e assessoria transfronteiri\u00e7a para clientes internacionais.\u00a0<\/p>\n\n<p>Porto \u2014 Escrit\u00f3rio Norte<br \/>Um centro dedicado a neg\u00f3cios, investimento e apoio continuado a clientes em Portugal.\u00a0<\/p>\n\nBento Ribeiro, Fraser &amp; Associados \u2013 Sociedade de Advogados, S.P., Lda <br>Registada na Ordem dos Advogados sob o n.\u00ba 28\/25","protected":false},"excerpt":{"rendered":"<p>LET&#8217;S TALK. We help individuals, families and companies \u2028navigate cross-border legal decisions.\u00a0 This will open a short form so we can direct your request to the right legal team. Our Offices We work from Lisbon and Porto, supporting clients across Europe and around the world.\u00a0 Lisbon &#8211; Headquarters\u2028Our main office, coordinating tax, mobility and \u2028cross-border [&hellip;]<\/p>\n","protected":false},"author":2,"featured_media":0,"parent":0,"menu_order":2,"comment_status":"closed","ping_status":"closed","template":"","meta":{"footnotes":""},"class_list":["post-189","page","type-page","status-publish","hentry"],"_links":{"self":[{"href":"https:\/\/brflegal.pt\/pt\/wp-json\/wp\/v2\/pages\/189","targetHints":{"allow":["GET"]}}],"collection":[{"href":"https:\/\/brflegal.pt\/pt\/wp-json\/wp\/v2\/pages"}],"about":[{"href":"https:\/\/brflegal.pt\/pt\/wp-json\/wp\/v2\/types\/page"}],"author":[{"embeddable":true,"href":"https:\/\/brflegal.pt\/pt\/wp-json\/wp\/v2\/users\/2"}],"replies":[{"embeddable":true,"href":"https:\/\/brflegal.pt\/pt\/wp-json\/wp\/v2\/comments?post=189"}],"version-history":[{"count":33,"href":"https:\/\/brflegal.pt\/pt\/wp-json\/wp\/v2\/pages\/189\/revisions"}],"predecessor-version":[{"id":4792,"href":"https:\/\/brflegal.pt\/pt\/wp-json\/wp\/v2\/pages\/189\/revisions\/4792"}],"wp:attachment":[{"href":"https:\/\/brflegal.pt\/pt\/wp-json\/wp\/v2\/media?parent=189"}],"curies":[{"name":"wp","href":"https:\/\/api.w.org\/{rel}","templated":true}]}}