{"id":171,"date":"2025-06-25T00:26:09","date_gmt":"2025-06-24T23:26:09","guid":{"rendered":"https:\/\/brflegal.pt\/?page_id=171"},"modified":"2026-03-12T12:22:04","modified_gmt":"2026-03-12T12:22:04","slug":"sobre","status":"publish","type":"page","link":"https:\/\/brflegal.pt\/pt\/about\/","title":{"rendered":"Sobre"},"content":{"rendered":"<figure class=\"wp-block-image size-full\"><img decoding=\"async\" src=\"https:\/\/brflegal.pt\/wp-content\/uploads\/2026\/02\/BRF-Legal-2-40.jpg\" class=\"wp-image-4093\" alt=\"\" title=\"\"><\/figure>\n\n<h1 class=\"wp-block-heading\">Parceria Estrat\u00e9gica para o Sucesso Global<\/h1>\n\n<p>Atuamos como parceiros estrat\u00e9gicos de longo prazo para pessoas e empresas que enfrentam\ndecis\u00f5es jur\u00eddicas complexas e transfronteiri\u00e7as.<\/p>\n\n<p>O nosso trabalho assenta na proximidade, no rigor e numa abordagem conduzida pelos s\u00f3cios,\nfocada na clareza, na confian\u00e7a e em resultados sustent\u00e1veis \u2014 em Portugal e no estrangeiro.<\/p>\n\n<p>\u2026com a combina\u00e7\u00e3o de conhecimento\nt\u00e9cnico profundo, vis\u00e3o estrat\u00e9gica e um forte compromisso com cada cliente.\u00a0<\/p>\n\n<h1 class=\"wp-block-heading\">At BRF Legal, we believe that legal excellence begins&#8230;<\/h1>\n\n<figure class=\"wp-block-image size-full\"><img loading=\"lazy\" decoding=\"async\" width=\"228\" height=\"374\" src=\"https:\/\/brflegal.pt\/wp-content\/uploads\/2026\/01\/Layer_1.png\" class=\"wp-image-3433\" alt=\"\" title=\"\" srcset=\"https:\/\/brflegal.pt\/wp-content\/uploads\/2026\/01\/Layer_1.png 228w, https:\/\/brflegal.pt\/wp-content\/smush-webp\/2026\/01\/Layer_1-183x300.png.webp 183w, https:\/\/brflegal.pt\/wp-content\/smush-webp\/2026\/01\/Layer_1-7x12.png.webp 7w\" sizes=\"auto, (max-width: 228px) 100vw, 228px\" \/><\/figure>\n\n<div class=\"wp-block-buttons is-layout-flex wp-block-buttons-is-layout-flex\"><div class=\"wp-block-button\"><a class=\"wp-block-button__link\">I am a button<\/a><\/div><\/div>","protected":false},"excerpt":{"rendered":"<p>Strategic Partnership for Global Success We act as long\u2011term strategic partners to individuals and businesses facing complex legal and cross\u2011border decisions. Our work is defined by proximity, sound judgment, and a partner\u2011led approach focused on clarity, trust, and sustainable outcomes, in Portugal and abroad &#8230;with the combination of deep technical knowledge, strategic insight, and a [&hellip;]<\/p>\n","protected":false},"author":2,"featured_media":0,"parent":0,"menu_order":10,"comment_status":"closed","ping_status":"closed","template":"","meta":{"footnotes":""},"class_list":["post-171","page","type-page","status-publish","hentry"],"_links":{"self":[{"href":"https:\/\/brflegal.pt\/pt\/wp-json\/wp\/v2\/pages\/171","targetHints":{"allow":["GET"]}}],"collection":[{"href":"https:\/\/brflegal.pt\/pt\/wp-json\/wp\/v2\/pages"}],"about":[{"href":"https:\/\/brflegal.pt\/pt\/wp-json\/wp\/v2\/types\/page"}],"author":[{"embeddable":true,"href":"https:\/\/brflegal.pt\/pt\/wp-json\/wp\/v2\/users\/2"}],"replies":[{"embeddable":true,"href":"https:\/\/brflegal.pt\/pt\/wp-json\/wp\/v2\/comments?post=171"}],"version-history":[{"count":79,"href":"https:\/\/brflegal.pt\/pt\/wp-json\/wp\/v2\/pages\/171\/revisions"}],"predecessor-version":[{"id":4730,"href":"https:\/\/brflegal.pt\/pt\/wp-json\/wp\/v2\/pages\/171\/revisions\/4730"}],"wp:attachment":[{"href":"https:\/\/brflegal.pt\/pt\/wp-json\/wp\/v2\/media?parent=171"}],"curies":[{"name":"wp","href":"https:\/\/api.w.org\/{rel}","templated":true}]}}